{"id":3062,"date":"2018-12-12T10:23:34","date_gmt":"2018-12-12T09:23:34","guid":{"rendered":"https:\/\/www.frigel.eu\/points-de-vente\/"},"modified":"2018-12-12T10:24:50","modified_gmt":"2018-12-12T09:24:50","slug":"points-de-vente","status":"publish","type":"page","link":"https:\/\/www.frigel.eu\/fr\/points-de-vente\/","title":{"rendered":"Points de Vente"},"content":{"rendered":"<p>[vc_row][vc_column][vc_column_text]<\/p>\n<h3 style=\"text-align: center;\">Trouvez le revendeur Frigel pr\u00e8s de chez vous!<\/h3>\n<p>[\/vc_column_text][vc_column_text]<\/p>\n<p style=\"text-align: center;\">Entrez votre ville ou explorez la carte pour trouver un revendeur Frigel \u00e0 proximit\u00e9!<\/p>\n<p>[\/vc_column_text][vc_column_text]<\/p>\n<p style=\"text-align: center;\"><style>\r\n\t#wpsl-stores .wpsl-store-thumb {height:45px !important; width:45px !important;}\r\n\t#wpsl-stores, #wpsl-direction-details, #wpsl-gmap {height:500px !important;}\r\n\t#wpsl-gmap .wpsl-info-window {max-width:300px !important;}\r\n\t.wpsl-input label, #wpsl-radius label, #wpsl-category label {width:95px;}\r\n\t#wpsl-search-input  {width:179px;}\r\n<\/style>\r\n<div id=\"wpsl-wrap\">\r\n\t<div class=\"wpsl-search wpsl-clearfix \">\r\n\t\t<div id=\"wpsl-search-wrap\">\r\n\t\t\t<form autocomplete=\"off\">\r\n\t\t\t<div class=\"wpsl-input\">\r\n\t\t\t\t<div><label for=\"wpsl-search-input\">Your location<\/label><\/div>\r\n\t\t\t\t<input id=\"wpsl-search-input\" type=\"text\" value=\"\" name=\"wpsl-search-input\" placeholder=\"\" aria-required=\"true\" \/>\r\n\t\t\t<\/div>\r\n\t\t\t<div class=\"wpsl-select-wrap\">\r\n\t\t\t\t<div id=\"wpsl-radius\">\r\n\t\t\t\t\t<label for=\"wpsl-radius-dropdown\">Search radius<\/label>\r\n\t\t\t\t\t<select id=\"wpsl-radius-dropdown\" class=\"wpsl-dropdown\" name=\"wpsl-radius\">\r\n\t\t\t\t\t\t<option value=\"10\">10 km<\/option><option value=\"25\">25 km<\/option><option selected=\"selected\" value=\"50\">50 km<\/option><option value=\"100\">100 km<\/option><option value=\"200\">200 km<\/option><option value=\"500\">500 km<\/option>\r\n\t\t\t\t\t<\/select>\r\n\t\t\t\t<\/div>\r\n\t\t\t\t<div id=\"wpsl-results\">\r\n\t\t\t\t\t<label for=\"wpsl-results-dropdown\">Results<\/label>\r\n\t\t\t\t\t<select id=\"wpsl-results-dropdown\" class=\"wpsl-dropdown\" name=\"wpsl-results\">\r\n\t\t\t\t\t\t<option value=\"25\">25<\/option><option selected=\"selected\" value=\"50\">50<\/option><option value=\"75\">75<\/option><option value=\"100\">100<\/option>\r\n\t\t\t\t\t<\/select>\r\n\t\t\t\t<\/div>\r\n\t\t\t<\/div>\r\n\t\t\t\t<div class=\"wpsl-search-btn-wrap\"><input id=\"wpsl-search-btn\" type=\"submit\" value=\"Search\"><\/div>\r\n\t\t<\/form>\r\n\t\t<\/div>\r\n\t<\/div>\r\n\t<div id=\"wpsl-gmap\" class=\"wpsl-gmap-canvas\"><\/div>\r\n\t<div id=\"wpsl-result-list\">\r\n\t\t<div id=\"wpsl-stores\" >\r\n\t\t\t<ul><\/ul>\r\n\t\t<\/div>\r\n\t\t<div id=\"wpsl-direction-details\">\r\n\t\t\t<ul><\/ul>\r\n\t\t<\/div>\r\n\t<\/div>\r\n<\/div>\n<p>[\/vc_column_text][\/vc_column][\/vc_row][vc_row][vc_column][\/vc_column][\/vc_row]<\/p>\n","protected":false},"excerpt":{"rendered":"<p>[vc_row][vc_column][vc_column_text] Trouvez le revendeur Frigel pr\u00e8s de chez vous! [\/vc_column_text][vc_column_text] Entrez votre ville ou explorez la carte pour trouver un revendeur Frigel \u00e0 proximit\u00e9! [\/vc_column_text][vc_column_text] [\/vc_column_text][\/vc_column][\/vc_row][vc_row][vc_column][\/vc_column][\/vc_row]<\/p>\n","protected":false},"author":1,"featured_media":0,"parent":0,"menu_order":0,"comment_status":"closed","ping_status":"open","template":"","meta":[],"yoast_head":"<!-- This site is optimized with the Yoast SEO plugin v18.3 - https:\/\/yoast.com\/wordpress\/plugins\/seo\/ -->\n<title>Frigel - Points de vente et D\u00e9taillants<\/title>\n<meta name=\"description\" content=\"D\u00e9couvrez o\u00f9 vous pouvez acheter les produits Frigel!\" \/>\n<meta name=\"robots\" content=\"index, follow, max-snippet:-1, max-image-preview:large, max-video-preview:-1\" \/>\n<link rel=\"canonical\" href=\"https:\/\/www.frigel.eu\/fr\/points-de-vente\/\" \/>\n<meta property=\"og:locale\" content=\"fr_FR\" \/>\n<meta property=\"og:type\" content=\"article\" \/>\n<meta property=\"og:title\" content=\"Frigel - Points de vente et D\u00e9taillants\" \/>\n<meta property=\"og:description\" content=\"D\u00e9couvrez o\u00f9 vous pouvez acheter les produits Frigel!\" \/>\n<meta property=\"og:url\" content=\"https:\/\/www.frigel.eu\/fr\/points-de-vente\/\" \/>\n<meta property=\"og:site_name\" content=\"Frigel\" \/>\n<meta property=\"article:modified_time\" content=\"2018-12-12T09:24:50+00:00\" \/>\n<meta name=\"twitter:card\" content=\"summary_large_image\" \/>\n<script type=\"application\/ld+json\" class=\"yoast-schema-graph\">{\"@context\":\"https:\/\/schema.org\",\"@graph\":[{\"@type\":\"Organization\",\"@id\":\"https:\/\/www.frigel.eu\/#organization\",\"name\":\"Frigel\",\"url\":\"https:\/\/www.frigel.eu\/\",\"sameAs\":[],\"logo\":{\"@type\":\"ImageObject\",\"@id\":\"https:\/\/www.frigel.eu\/#logo\",\"inLanguage\":\"fr-FR\",\"url\":\"https:\/\/www.frigel.eu\/wp-content\/uploads\/2018\/08\/logo-header.png\",\"contentUrl\":\"https:\/\/www.frigel.eu\/wp-content\/uploads\/2018\/08\/logo-header.png\",\"width\":140,\"height\":82,\"caption\":\"Frigel\"},\"image\":{\"@id\":\"https:\/\/www.frigel.eu\/#logo\"}},{\"@type\":\"WebSite\",\"@id\":\"https:\/\/www.frigel.eu\/#website\",\"url\":\"https:\/\/www.frigel.eu\/\",\"name\":\"Frigel\",\"description\":\"Produzione e Commercializzazione di Prodotti Surgelati\",\"publisher\":{\"@id\":\"https:\/\/www.frigel.eu\/#organization\"},\"potentialAction\":[{\"@type\":\"SearchAction\",\"target\":{\"@type\":\"EntryPoint\",\"urlTemplate\":\"https:\/\/www.frigel.eu\/?s={search_term_string}\"},\"query-input\":\"required name=search_term_string\"}],\"inLanguage\":\"fr-FR\"},{\"@type\":\"WebPage\",\"@id\":\"https:\/\/www.frigel.eu\/fr\/points-de-vente\/#webpage\",\"url\":\"https:\/\/www.frigel.eu\/fr\/points-de-vente\/\",\"name\":\"Frigel - Points de vente et D\u00e9taillants\",\"isPartOf\":{\"@id\":\"https:\/\/www.frigel.eu\/#website\"},\"datePublished\":\"2018-12-12T09:23:34+00:00\",\"dateModified\":\"2018-12-12T09:24:50+00:00\",\"description\":\"D\u00e9couvrez o\u00f9 vous pouvez acheter les produits Frigel!\",\"breadcrumb\":{\"@id\":\"https:\/\/www.frigel.eu\/fr\/points-de-vente\/#breadcrumb\"},\"inLanguage\":\"fr-FR\",\"potentialAction\":[{\"@type\":\"ReadAction\",\"target\":[\"https:\/\/www.frigel.eu\/fr\/points-de-vente\/\"]}]},{\"@type\":\"BreadcrumbList\",\"@id\":\"https:\/\/www.frigel.eu\/fr\/points-de-vente\/#breadcrumb\",\"itemListElement\":[{\"@type\":\"ListItem\",\"position\":1,\"name\":\"Home\",\"item\":\"https:\/\/www.frigel.eu\/fr\/\"},{\"@type\":\"ListItem\",\"position\":2,\"name\":\"Points de Vente\"}]}]}<\/script>\n<!-- \/ Yoast SEO plugin. -->","yoast_head_json":{"title":"Frigel - Points de vente et D\u00e9taillants","description":"D\u00e9couvrez o\u00f9 vous pouvez acheter les produits Frigel!","robots":{"index":"index","follow":"follow","max-snippet":"max-snippet:-1","max-image-preview":"max-image-preview:large","max-video-preview":"max-video-preview:-1"},"canonical":"https:\/\/www.frigel.eu\/fr\/points-de-vente\/","og_locale":"fr_FR","og_type":"article","og_title":"Frigel - Points de vente et D\u00e9taillants","og_description":"D\u00e9couvrez o\u00f9 vous pouvez acheter les produits Frigel!","og_url":"https:\/\/www.frigel.eu\/fr\/points-de-vente\/","og_site_name":"Frigel","article_modified_time":"2018-12-12T09:24:50+00:00","twitter_card":"summary_large_image","schema":{"@context":"https:\/\/schema.org","@graph":[{"@type":"Organization","@id":"https:\/\/www.frigel.eu\/#organization","name":"Frigel","url":"https:\/\/www.frigel.eu\/","sameAs":[],"logo":{"@type":"ImageObject","@id":"https:\/\/www.frigel.eu\/#logo","inLanguage":"fr-FR","url":"https:\/\/www.frigel.eu\/wp-content\/uploads\/2018\/08\/logo-header.png","contentUrl":"https:\/\/www.frigel.eu\/wp-content\/uploads\/2018\/08\/logo-header.png","width":140,"height":82,"caption":"Frigel"},"image":{"@id":"https:\/\/www.frigel.eu\/#logo"}},{"@type":"WebSite","@id":"https:\/\/www.frigel.eu\/#website","url":"https:\/\/www.frigel.eu\/","name":"Frigel","description":"Produzione e Commercializzazione di Prodotti Surgelati","publisher":{"@id":"https:\/\/www.frigel.eu\/#organization"},"potentialAction":[{"@type":"SearchAction","target":{"@type":"EntryPoint","urlTemplate":"https:\/\/www.frigel.eu\/?s={search_term_string}"},"query-input":"required name=search_term_string"}],"inLanguage":"fr-FR"},{"@type":"WebPage","@id":"https:\/\/www.frigel.eu\/fr\/points-de-vente\/#webpage","url":"https:\/\/www.frigel.eu\/fr\/points-de-vente\/","name":"Frigel - Points de vente et D\u00e9taillants","isPartOf":{"@id":"https:\/\/www.frigel.eu\/#website"},"datePublished":"2018-12-12T09:23:34+00:00","dateModified":"2018-12-12T09:24:50+00:00","description":"D\u00e9couvrez o\u00f9 vous pouvez acheter les produits Frigel!","breadcrumb":{"@id":"https:\/\/www.frigel.eu\/fr\/points-de-vente\/#breadcrumb"},"inLanguage":"fr-FR","potentialAction":[{"@type":"ReadAction","target":["https:\/\/www.frigel.eu\/fr\/points-de-vente\/"]}]},{"@type":"BreadcrumbList","@id":"https:\/\/www.frigel.eu\/fr\/points-de-vente\/#breadcrumb","itemListElement":[{"@type":"ListItem","position":1,"name":"Home","item":"https:\/\/www.frigel.eu\/fr\/"},{"@type":"ListItem","position":2,"name":"Points de Vente"}]}]}},"_links":{"self":[{"href":"https:\/\/www.frigel.eu\/fr\/wp-json\/wp\/v2\/pages\/3062"}],"collection":[{"href":"https:\/\/www.frigel.eu\/fr\/wp-json\/wp\/v2\/pages"}],"about":[{"href":"https:\/\/www.frigel.eu\/fr\/wp-json\/wp\/v2\/types\/page"}],"author":[{"embeddable":true,"href":"https:\/\/www.frigel.eu\/fr\/wp-json\/wp\/v2\/users\/1"}],"replies":[{"embeddable":true,"href":"https:\/\/www.frigel.eu\/fr\/wp-json\/wp\/v2\/comments?post=3062"}],"version-history":[{"count":1,"href":"https:\/\/www.frigel.eu\/fr\/wp-json\/wp\/v2\/pages\/3062\/revisions"}],"predecessor-version":[{"id":3063,"href":"https:\/\/www.frigel.eu\/fr\/wp-json\/wp\/v2\/pages\/3062\/revisions\/3063"}],"wp:attachment":[{"href":"https:\/\/www.frigel.eu\/fr\/wp-json\/wp\/v2\/media?parent=3062"}],"curies":[{"name":"wp","href":"https:\/\/api.w.org\/{rel}","templated":true}]}}